{"id":192,"date":"2016-05-25T09:38:41","date_gmt":"2016-05-25T09:38:41","guid":{"rendered":"http:\/\/www.helendoron.es\/promo2016\/?page_id=192"},"modified":"2016-05-25T09:43:10","modified_gmt":"2016-05-25T09:43:10","slug":"aviso-legal","status":"publish","type":"page","link":"https:\/\/matriculashd.es\/?page_id=192","title":{"rendered":"Aviso Legal"},"content":{"rendered":"<div class=\"jspContainer\">\n<div class=\"jspPane\">\n<p style=\"text-align: justify;\">La informaci\u00f3n contenida en esta web tiene fines meramente informativos. No constituye una oferta de venta, ni una solicitud de oferta de compra de una franquicia ni ning\u00fan otro producto. La oferta de franquicia se produce con el env\u00edo de nuestro documento de informaci\u00f3n precontractual, de conformidad con la legislaci\u00f3n nacional aplicable, las normas de la Comisi\u00f3n Federal de Comercio de EE UU y las leyes de venta de franquicias aplicables. Los siguientes pa\u00edses tienen un registro de franquicia y\/o requisitos de informaci\u00f3n precontractual: Australia, Brasil, Canad\u00e1 (s\u00f3lo Alberta, Ontario y la Isla del Pr\u00edncipe Eduardo), China, Francia, Indonesia, Italia, Jap\u00f3n, Kazajist\u00e1n, Corea, Malasia, M\u00e9xico, Ruman\u00eda, Rusia, Espa\u00f1a y Taiw\u00e1n. En los EEUU, no puede venderse una franquicia en los siguientes estados sin que previamente se haya registrado el documento de informaci\u00f3n precontractual ante las autoridades estatales y federales competentes, y dicho documento haya sido pertinentemente enviado, conforme a las leyes estatales y federales: California, Hawaii, Illinois, Indiana, Maryland, Michigan, Minesota, Nueva York, Dakota del Norte, Oreg\u00f3n, Rhode Island, Dakota del Sur, Virginia, Washington y Wisconsin. Si usted es residente en uno de estos estados o pa\u00edses, no podremos ofrecerle una franquicia hasta que hayamos cumplido los requisitos establecidos en la normativa legal de aplicaci\u00f3n en su jurisdicci\u00f3n.<\/p>\n<p style=\"text-align: justify;\">La informaci\u00f3n contenida en esta web no se dirige a ninguna persona de los pa\u00edses o estados arriba mencionados por parte del franquiciador o de cualquiera que act\u00fae con el consentimiento del franquiciador.<\/p>\n<\/div>\n<\/div>\n","protected":false},"excerpt":{"rendered":"<p>La informaci\u00f3n contenida en esta web tiene fines meramente informativos. No constituye una oferta de venta, ni una solicitud de oferta de compra de una franquicia ni ning\u00fan otro producto. La oferta de franquicia se produce con el env\u00edo de nuestro documento de informaci\u00f3n precontractual, de conformidad con la legislaci\u00f3n nacional aplicable, las normas de&hellip;<\/p>\n","protected":false},"author":1,"featured_media":0,"parent":0,"menu_order":0,"comment_status":"closed","ping_status":"closed","template":"","meta":[],"_links":{"self":[{"href":"https:\/\/matriculashd.es\/index.php?rest_route=\/wp\/v2\/pages\/192"}],"collection":[{"href":"https:\/\/matriculashd.es\/index.php?rest_route=\/wp\/v2\/pages"}],"about":[{"href":"https:\/\/matriculashd.es\/index.php?rest_route=\/wp\/v2\/types\/page"}],"author":[{"embeddable":true,"href":"https:\/\/matriculashd.es\/index.php?rest_route=\/wp\/v2\/users\/1"}],"replies":[{"embeddable":true,"href":"https:\/\/matriculashd.es\/index.php?rest_route=%2Fwp%2Fv2%2Fcomments&post=192"}],"version-history":[{"count":0,"href":"https:\/\/matriculashd.es\/index.php?rest_route=\/wp\/v2\/pages\/192\/revisions"}],"wp:attachment":[{"href":"https:\/\/matriculashd.es\/index.php?rest_route=%2Fwp%2Fv2%2Fmedia&parent=192"}],"curies":[{"name":"wp","href":"https:\/\/api.w.org\/{rel}","templated":true}]}}