{"id":195,"date":"2016-05-25T09:39:45","date_gmt":"2016-05-25T09:39:45","guid":{"rendered":"http:\/\/www.helendoron.es\/promo2016\/?page_id=195"},"modified":"2016-05-25T09:43:46","modified_gmt":"2016-05-25T09:43:46","slug":"politica-de-privacidad","status":"publish","type":"page","link":"https:\/\/matriculashd.es\/?page_id=195","title":{"rendered":"Pol\u00edtica de privacidad"},"content":{"rendered":"<div class=\"jspContainer\">\n<div class=\"jspPane\">\n<p class=\"Normal1\" style=\"text-align: justify;\">Toda la informaci\u00f3n de car\u00e1cter personal recogida por medio de esta web es privada y tratada con estricta confidencialidad.\u00a0 Los datos de car\u00e1cter personal incluyen, pero no se limitan, al nombre y apellidos, direcci\u00f3n postal, correo electr\u00f3nico, direcci\u00f3n ISP, n\u00fameros de tel\u00e9fono de los usuarios de la web. Debido a que la privacidad de nuestros usuarios es importante, HD defiende la siguiente pol\u00edtica de privacidad para proteger su informaci\u00f3n personal:<\/p>\n<ol class=\"legaltext\" style=\"text-align: justify;\">\n<li>Al acceder a esta web, los usuarios aceptan los t\u00e9rminos de la pol\u00edtica de privacidad de HD para el archivo, uso y divulgaci\u00f3n de datos de car\u00e1cter personal como se establece a continuaci\u00f3n. HD no almacena, utiliza, ni divulga informaci\u00f3n de car\u00e1cter personal de ning\u00fan usuario con ning\u00fan prop\u00f3sito, salvo los mencionados a continuaci\u00f3n, sin el consentimiento del usuario o conforme a\u00a0 la ley.<\/li>\n<\/ol>\n<p style=\"text-align: justify;\">Almacenamos la siguiente informaci\u00f3n:<\/p>\n<ul class=\"legaltext\" style=\"text-align: justify;\">\n<li>Informaci\u00f3n sobre la actividad del <em>site<\/em>: nuestro servidor almacena y registra cierta informaci\u00f3n de cada usuario que accede a nuestra web. Estos registros incluyen pero no se limitan a la direcci\u00f3n IP del usuario, usuario (si es aplicable), fecha y hora de la visita, y archivos a los que accede. El registro tambi\u00e9n incluye informaci\u00f3n sobre la web desde la que el usuario accede, si es que el usuario ha clicado en un v\u00ednculo externo para acceder a la web de HD.\u00a0 Los registros de acceso a la web de HD se utilizan s\u00f3lo con fines de mantenimiento, seguridad y administraci\u00f3n del <em>site<\/em>. De ning\u00fan modo son cedidos o vendidos a terceras partes.<\/li>\n<li>Cookies: Algunas secciones de la web de HD utilizan cookies por motivos de seguridad y autenticaci\u00f3n. La informaci\u00f3n que reciben de las cookies se utiliza s\u00f3lo para el mantenimiento de la conexi\u00f3n y la sesi\u00f3n del usuario al servidor de HD. De ning\u00fan modo esta informaci\u00f3n es cedida o vendida a terceras partes.<\/li>\n<li>Datos personales: Los datos personales, tales como el nombre del usuario, su n\u00famero de tel\u00e9fono, correo electr\u00f3nico, y direcci\u00f3n postal,\u00a0 son almacenados \u00fanicamente cuando son voluntariamente proporcionados por el usuario mediante los formularios de contacto de nuestra web o a trav\u00e9s de un email enviado directamente a HD. Todos los datos personales de esta naturaleza que son almacenados de este modo son gestionados los departamentos responsables de atender la solicitud del usuario, y son utilizados s\u00f3lo para tal fin. Los datos personales no se ceden ni venden a terceros ni se a\u00f1aden a listas de distribuci\u00f3n de correo electr\u00f3nico.<\/li>\n<\/ul>\n<ol class=\"legaltext\">\n<li style=\"text-align: justify;\" value=\"2\">Esta web contiene enlaces a webs de terceros. Esta pol\u00edtica de privacidad no es aplicable a las webs de terceros, ni HD es responsable del contenido que proporcionen.<\/li>\n<li style=\"text-align: justify;\" value=\"3\">Cualquier cambio en esta Pol\u00edtica de Privacidad ser\u00e1 comunicado de inmediato en esta web.\u00a0 Los cambios que se puedan efectuar no alterar\u00e1n el modo en el que HD maneje los datos personales que haya recibido con anterioridad.<\/li>\n<\/ol>\n<\/div>\n<\/div>\n","protected":false},"excerpt":{"rendered":"<p>Toda la informaci\u00f3n de car\u00e1cter personal recogida por medio de esta web es privada y tratada con estricta confidencialidad.\u00a0 Los datos de car\u00e1cter personal incluyen, pero no se limitan, al nombre y apellidos, direcci\u00f3n postal, correo electr\u00f3nico, direcci\u00f3n ISP, n\u00fameros de tel\u00e9fono de los usuarios de la web. Debido a que la privacidad de nuestros&hellip;<\/p>\n","protected":false},"author":1,"featured_media":0,"parent":0,"menu_order":0,"comment_status":"closed","ping_status":"closed","template":"","meta":[],"_links":{"self":[{"href":"https:\/\/matriculashd.es\/index.php?rest_route=\/wp\/v2\/pages\/195"}],"collection":[{"href":"https:\/\/matriculashd.es\/index.php?rest_route=\/wp\/v2\/pages"}],"about":[{"href":"https:\/\/matriculashd.es\/index.php?rest_route=\/wp\/v2\/types\/page"}],"author":[{"embeddable":true,"href":"https:\/\/matriculashd.es\/index.php?rest_route=\/wp\/v2\/users\/1"}],"replies":[{"embeddable":true,"href":"https:\/\/matriculashd.es\/index.php?rest_route=%2Fwp%2Fv2%2Fcomments&post=195"}],"version-history":[{"count":0,"href":"https:\/\/matriculashd.es\/index.php?rest_route=\/wp\/v2\/pages\/195\/revisions"}],"wp:attachment":[{"href":"https:\/\/matriculashd.es\/index.php?rest_route=%2Fwp%2Fv2%2Fmedia&parent=195"}],"curies":[{"name":"wp","href":"https:\/\/api.w.org\/{rel}","templated":true}]}}