{"id":197,"date":"2016-05-25T09:40:21","date_gmt":"2016-05-25T09:40:21","guid":{"rendered":"http:\/\/www.helendoron.es\/promo2016\/?page_id=197"},"modified":"2016-05-25T09:40:21","modified_gmt":"2016-05-25T09:40:21","slug":"terminos-de-uso","status":"publish","type":"page","link":"https:\/\/matriculashd.es\/?page_id=197","title":{"rendered":"T\u00e9rminos de uso"},"content":{"rendered":"<div class=\"jspContainer\">\n<div class=\"jspPane\">\n<p style=\"text-align: justify;\">El acceso a esta web est\u00e1 proporcionado por Helen Doron Ltd. (en adelante HD), sujeto a los siguientes t\u00e9rminos y condiciones:<\/p>\n<ol class=\"legaltext\" style=\"text-align: justify;\">\n<li>Al navegar por esta web, usted adquiere la condici\u00f3n de usuario, lo que supone la aceptaci\u00f3n de estos t\u00e9rminos y condiciones sin reservas de ninguna clase, que surtir\u00e1n efecto desde el primer acceso al sitio web.<\/li>\n<li>HD podr\u00e1 modificar o actualizar, en cualquier momento y sin previo aviso, estos\u00a0 t\u00e9rminos y condiciones, mediante la publicaci\u00f3n de dichas modificaciones en la web. Es responsabilidad de los usuarios revisar peri\u00f3dicamente las condiciones para asegurarse que est\u00e1n de acuerdo con los cambios o actualizaciones realizados por HD. El acceso continuado a la web despu\u00e9s de haberse producido dichos cambios o actualizaciones supone la aceptaci\u00f3n de los mismos por parte del usuario.<\/li>\n<li>Los contenidos de este portal son propiedad intelectual de HD. Los usuarios no podr\u00e1n copiar, reproducir, republicar, descargar, publicar, retransmitir, distribuir o poner a disposici\u00f3n del p\u00fablico, as\u00ed como utilizar el portal para otro uso que no sea personal y sin fines comerciales. Los usuarios tambi\u00e9n renuncian a adaptar, modificar, o desarrollar un trabajo a partir de cualquier contenido de la web excepto si es para uso personal y no comercial. Cualquier otro uso del contenido de la p\u00e1gina web requiere consentimiento previo por escrito de HD.<\/li>\n<li>Todos los dise\u00f1os, textos, gr\u00e1ficos, logos, iconos, nombres comerciales, marcas, dibujos industriales\u00a0 identificativos de HD, Helen Doron Early English, Helen Doron Teen English (HDTE), \u00a0o cualesquiera otros signos susceptibles de utilizaci\u00f3n industrial y comercial est\u00e1n sujetos a derechos de propiedad intelectual e industrial de HD o de terceros titulares de los mismos que han autorizado debidamente su inclusi\u00f3n en el Portal. En ning\u00fan caso se entender\u00e1 que se concede licencia alguna o se efect\u00faa renuncia, transmisi\u00f3n, cesi\u00f3n total o parcial de dichos derechos ni se confiere ning\u00fan derecho sobre dichos contenidos.<\/li>\n<li>Los usuarios aceptan utilizar la web siempre conforme a la ley, de modo que no puedan restringir, da\u00f1ar o infringir los derechos de ning\u00fan otro usuario o deteriorar el normal funcionamiento de la web. Se prohibe acosar, causar intimidaci\u00f3n o incomodar a otras personas, la transmisi\u00f3n de contenido ofensivo u obsceno o alterar el normal flujo de informaci\u00f3n y comunicaci\u00f3n dentro de la web.<\/li>\n<li>Todos los contenidos que se muestran en la web, incluyendo la informaci\u00f3n, dise\u00f1os, textos, gr\u00e1ficos, logos, iconos, nombres comerciales, marcas, dibujos industriales o cualesquiera otros signos relacionados con HD y\/o sus empresas afiliadas, sus servicios o productos , se proporcionan \u201cTAL CUAL\u201d y en base a la disponibilidad, sin ning\u00fan tipo de representaci\u00f3n, ni garant\u00edas, expl\u00edcitas o impl\u00edcitas, en los l\u00edmites marcados por la ley, incluyendo la garant\u00eda impl\u00edcita de calidad, idoneidad para un determinado prop\u00f3sito, no vulneraci\u00f3n, compatibilidad, seguridad y exactitud.<\/li>\n<li>En la medida de lo permitido por la ley, HD no ser\u00e1 responsable ante los usuarios o terceras partes, de los da\u00f1os relacionados con el sitio web o los materiales contenidos. Bajo ning\u00fan concepto HD ser\u00e1 responsable\u00a0 de las siguientes p\u00e9rdidas o da\u00f1os (tanto si fueran previstas o predecibles, conocidas o desconocidas):\n<ul>\n<li>p\u00e9rdida de datos<\/li>\n<li>p\u00e9rdida de ingresos o beneficios anticipados<\/li>\n<li>p\u00e9rdida de negocio<\/li>\n<li>p\u00e9rdida de oportunidad<\/li>\n<li>p\u00e9rdida o da\u00f1os en la reputaci\u00f3n<\/li>\n<li>p\u00e9rdidas sufridas por terceros<\/li>\n<li>cualesquiera da\u00f1os y perjuicios consiguientes o fortuitos que se deriven del uso\u00a0 de la web independientemente de la forma de uso.<\/li>\n<\/ul>\n<\/li>\n<li>HD no garantiza que la funcionalidad de la web no se vea interrumpida, ni est\u00e9 siempre libre de errores, que los defectos sean corregidos o que el servidor del que depende est\u00e9 libre de virus.<\/li>\n<li>Los usuarios de la web podr\u00e1n enviar sus aportaciones (entre las que se incluyen textos, fotograf\u00edas,\u00a0 gr\u00e1ficos, grabaciones de video o audio) a la web o al portal de HDEE. Los usuarios aceptan al enviar sus aportaciones,\u00a0 conceder a HD\u00a0 derechos de no exclusividad, con la posibilidad de cederlos a terceros, exentos de derechos de imagen o de autor a perpetuidad; y autoriza su uso, reproducci\u00f3n, modificaci\u00f3n, adaptaci\u00f3n, publicaci\u00f3n, traducci\u00f3n, elaboraci\u00f3n de materiales a partir de los mismos, su distribuci\u00f3n, representaci\u00f3n, desarrollo, poner a disposici\u00f3n del p\u00fablico, y ejercitar todos los derechos de copyright y de difusi\u00f3n con respecto a las mencionadas aportaciones a nivel mundial, y\/o incorporar dichas aportaciones dentro de otros trabajos en cualquier formato, sea ya conocido o est\u00e9 por desarrollar, por todo el tiempo que esos derechos puedan existir en las aportaciones, de acuerdo con las restricciones de privacidad establecidas en la Pol\u00edtica de Privacidad de HD. Se ruega a aquellos usuarios que no acepten las condiciones de HD aqu\u00ed mencionadas, se abstengan de enviar sus aportaciones a la web.<\/li>\n<li>Adem\u00e1s de lo referido en el punto 9, al enviar sus aportaciones a la web, los usuarios garantizan:\n<ul>\n<li>que dichas aportaciones son obra original del usuario<\/li>\n<li>que el usuario que realiza la aportaci\u00f3n tiene derecho a ceder dichas aportaciones a HD para todos los efectos arriba mencionados<\/li>\n<li>que dichas aportaciones no son difamatorias<\/li>\n<li>que dichas aportaciones no infringen ninguna ley<\/li>\n<li>que se indemnizar\u00e1 a HD por todas las costas y cuantos gastos se generasen como resultado de la violaci\u00f3n de estas garant\u00edas.<\/li>\n<li>que renuncian a cualquier derecho en dichas aportaciones al enviarlas para su publicaci\u00f3n en la web con los fines m\u00e1s arriba descritos.<\/li>\n<\/ul>\n<\/li>\n<li>Los usuarios no podr\u00e1n enviar contenido difamatorio o material ilegal de ninguna naturaleza al foro de la web, ya sean textos, gr\u00e1ficos, o programas de audio o v\u00eddeo.<\/li>\n<li>Contribuir con materiales con el fin de cometer o promover actividades ilegales est\u00e1 terminantemente prohibido.<\/li>\n<li>Todos los materiales que se env\u00eden deben ser obra original del usuario que los env\u00eda. Est\u00e1 prohibido contribuir con material plagiado. Del mismo modo, los usuarios no deber\u00e1n violar ni vulnerar los derechos de terceras partes, incluyendo copyright, derechos de marca registrada, secretos comerciales, patentes, privacidad, publicidad, derechos personales o de propiedad.<\/li>\n<li>HD declina cualquier responsabilidad sobre las opiniones vertidas por los usuarios en sus foros.<\/li>\n<li>La web de HD contiene enlaces a p\u00e1ginas web de terceros, que no est\u00e1n bajo el control de HD. El usuario acepta que, al clicar en dichos enlaces y acceder a dichas webs, HD no es responsable de las webs de terceras partes. El acceso a las webs de terceros es responsabilidad del usuario. HD no se responsabiliza de la veracidad de los datos, las opiniones, recomendaciones y enunciados vertidos en webs de terceros. HD proporciona estos enlaces para que nuestros usuarios los utilicen a su conveniencia. La inclusi\u00f3n de estos enlaces no implica que HD respalde de forma expl\u00edcita o recomiende las webs de terceros. HD declina cualquier responsabilidad sobre el contenido de las webs de terceros.<\/li>\n<li>Si alguno de estos t\u00e9rminos y condiciones fueran ilegales, inv\u00e1lidos o no\u00a0 fueran aplicables por cualquier motivo al amparo de las leyes de cualquier estado o pa\u00eds en el que estos t\u00e9rminos fueran aplicables, en la medida en la que dicho t\u00e9rmino o condici\u00f3n resulte ilegal, inv\u00e1lida o no aplicable, ser\u00e1 suprimida, quedando\u00a0 el resto de t\u00e9rminos y condiciones en vigor, siendo vinculantes y aplicables.<\/li>\n<li>Estos t\u00e9rminos est\u00e1n regulados y se interpretan seg\u00fan la legislaci\u00f3n del Estado de Israel.<\/li>\n<\/ol>\n<p style=\"text-align: justify;\">\u00a91997 \u2013 2014 Helen Doron Ltd. Todos los derechos reservados.<\/p>\n<\/div>\n<\/div>\n","protected":false},"excerpt":{"rendered":"<p>El acceso a esta web est\u00e1 proporcionado por Helen Doron Ltd. (en adelante HD), sujeto a los siguientes t\u00e9rminos y condiciones: Al navegar por esta web, usted adquiere la condici\u00f3n de usuario, lo que supone la aceptaci\u00f3n de estos t\u00e9rminos y condiciones sin reservas de ninguna clase, que surtir\u00e1n efecto desde el primer acceso al&hellip;<\/p>\n","protected":false},"author":1,"featured_media":0,"parent":0,"menu_order":0,"comment_status":"closed","ping_status":"closed","template":"","meta":[],"_links":{"self":[{"href":"https:\/\/matriculashd.es\/index.php?rest_route=\/wp\/v2\/pages\/197"}],"collection":[{"href":"https:\/\/matriculashd.es\/index.php?rest_route=\/wp\/v2\/pages"}],"about":[{"href":"https:\/\/matriculashd.es\/index.php?rest_route=\/wp\/v2\/types\/page"}],"author":[{"embeddable":true,"href":"https:\/\/matriculashd.es\/index.php?rest_route=\/wp\/v2\/users\/1"}],"replies":[{"embeddable":true,"href":"https:\/\/matriculashd.es\/index.php?rest_route=%2Fwp%2Fv2%2Fcomments&post=197"}],"version-history":[{"count":0,"href":"https:\/\/matriculashd.es\/index.php?rest_route=\/wp\/v2\/pages\/197\/revisions"}],"wp:attachment":[{"href":"https:\/\/matriculashd.es\/index.php?rest_route=%2Fwp%2Fv2%2Fmedia&parent=197"}],"curies":[{"name":"wp","href":"https:\/\/api.w.org\/{rel}","templated":true}]}}